{"id":321,"date":"2025-09-01T10:09:01","date_gmt":"2025-09-01T08:09:01","guid":{"rendered":"http:\/\/bioenergie-plus.local\/about\/"},"modified":"2025-09-18T15:12:13","modified_gmt":"2025-09-18T13:12:13","slug":"savoir-faire","status":"publish","type":"page","link":"https:\/\/bioenergieplus.azur-test.ch\/de\/savoir-faire\/","title":{"rendered":"Savoir faire"},"content":{"rendered":"<div data-elementor-type=\"wp-page\" data-elementor-id=\"321\" class=\"elementor elementor-321\">\n\t\t\t\t\t\t<section class=\"elementor-section elementor-top-section elementor-element elementor-element-4dcbe88 elementor-section-height-min-height elementor-section-boxed elementor-section-height-default elementor-section-items-middle\" data-id=\"4dcbe88\" data-element_type=\"section\" data-settings=\"{&quot;background_background&quot;:&quot;classic&quot;}\">\n\t\t\t\t\t\t<div class=\"elementor-container elementor-column-gap-no\">\n\t\t\t\t\t<div class=\"elementor-column elementor-col-100 elementor-top-column elementor-element elementor-element-3c1f7d8\" data-id=\"3c1f7d8\" data-element_type=\"column\">\n\t\t\t<div class=\"elementor-widget-wrap elementor-element-populated\">\n\t\t\t\t\t\t<div class=\"elementor-element elementor-element-ff67811 elementor-widget elementor-widget-heading\" data-id=\"ff67811\" data-element_type=\"widget\" data-widget_type=\"heading.default\">\n\t\t\t\t\t<h1 class=\"elementor-heading-title elementor-size-default\">Nos solutions et exp\u00e9rience<\/h1>\t\t\t\t<\/div>\n\t\t\t\t\t<\/div>\n\t\t<\/div>\n\t\t\t\t\t<\/div>\n\t\t<\/section>\n\t\t\t\t<section class=\"elementor-section elementor-top-section elementor-element elementor-element-df9c35e elementor-section-boxed elementor-section-height-default elementor-section-height-default\" data-id=\"df9c35e\" data-element_type=\"section\">\n\t\t\t\t\t\t<div class=\"elementor-container elementor-column-gap-no\">\n\t\t\t\t\t<div class=\"elementor-column elementor-col-100 elementor-top-column elementor-element elementor-element-5ae9521\" data-id=\"5ae9521\" data-element_type=\"column\">\n\t\t\t<div class=\"elementor-widget-wrap elementor-element-populated\">\n\t\t\t\t\t\t<div class=\"elementor-element elementor-element-51e7681 elementor-widget__width-initial elementor-widget-mobile__width-inherit elementor-widget elementor-widget-heading\" data-id=\"51e7681\" data-element_type=\"widget\" data-widget_type=\"heading.default\">\n\t\t\t\t\t<h2 class=\"elementor-heading-title elementor-size-default\">Cl\u00e9 en main<\/h2>\t\t\t\t<\/div>\n\t\t\t\t<div class=\"elementor-element elementor-element-678353f elementor-widget__width-initial elementor-widget-mobile__width-inherit elementor-widget elementor-widget-text-editor\" data-id=\"678353f\" data-element_type=\"widget\" data-widget_type=\"text-editor.default\">\n\t\t\t\t\t\t\t\t\t<p>Face \u00e0 la hausse des co\u00fbts \u00e9nerg\u00e9tiques et aux nouvelles exigences environnementales, les fromageries suisses sont appel\u00e9es \u00e0 repenser leur mod\u00e8le. Productrices de sp\u00e9cialit\u00e9s AOP, elles d\u00e9pendent encore largement d\u2019\u00e9nergies fossiles, contribuant ainsi aux \u00e9missions de gaz \u00e0 effet de serre.<\/p><p>Pourtant, un formidable potentiel est sous-exploit\u00e9 : le petit lait, qui repr\u00e9sente pr\u00e8s de 90% du lait transform\u00e9. Trop souvent consid\u00e9r\u00e9 comme d\u00e9chet, il peut devenir une source d\u2019\u00e9nergie renouvelable, directement valorisable sur site via la m\u00e9thanisation.<\/p>\t\t\t\t\t\t\t\t<\/div>\n\t\t\t\t\t<\/div>\n\t\t<\/div>\n\t\t\t\t\t<\/div>\n\t\t<\/section>\n\t\t\t\t<section class=\"elementor-section elementor-top-section elementor-element elementor-element-b61d1fa elementor-section-full_width elementor-section-height-default elementor-section-height-default\" data-id=\"b61d1fa\" data-element_type=\"section\">\n\t\t\t\t\t\t<div class=\"elementor-container elementor-column-gap-no\">\n\t\t\t\t\t<div class=\"elementor-column elementor-col-100 elementor-top-column elementor-element elementor-element-d872a91\" data-id=\"d872a91\" data-element_type=\"column\">\n\t\t\t<div class=\"elementor-widget-wrap elementor-element-populated\">\n\t\t\t\t\t\t<div class=\"elementor-element elementor-element-5185987 elementor-widget elementor-widget-image\" data-id=\"5185987\" data-element_type=\"widget\" data-widget_type=\"image.default\">\n\t\t\t\t\t\t\t\t\t\t\t\t\t\t\t<img fetchpriority=\"high\" decoding=\"async\" width=\"2480\" height=\"1771\" src=\"https:\/\/bioenergieplus.azur-test.ch\/wp-content\/uploads\/2025\/09\/bioenergieplus-img-02.jpg\" class=\"attachment-full size-full wp-image-2188\" alt=\"bioenergieplus img 02\" srcset=\"https:\/\/bioenergieplus.azur-test.ch\/wp-content\/uploads\/2025\/09\/bioenergieplus-img-02.jpg 2480w, https:\/\/bioenergieplus.azur-test.ch\/wp-content\/uploads\/2025\/09\/bioenergieplus-img-02-300x214.jpg 300w, https:\/\/bioenergieplus.azur-test.ch\/wp-content\/uploads\/2025\/09\/bioenergieplus-img-02-1024x731.jpg 1024w, https:\/\/bioenergieplus.azur-test.ch\/wp-content\/uploads\/2025\/09\/bioenergieplus-img-02-768x548.jpg 768w, https:\/\/bioenergieplus.azur-test.ch\/wp-content\/uploads\/2025\/09\/bioenergieplus-img-02-1536x1097.jpg 1536w, https:\/\/bioenergieplus.azur-test.ch\/wp-content\/uploads\/2025\/09\/bioenergieplus-img-02-2048x1463.jpg 2048w, https:\/\/bioenergieplus.azur-test.ch\/wp-content\/uploads\/2025\/09\/bioenergieplus-img-02-18x12.jpg 18w\" sizes=\"(max-width: 2480px) 100vw, 2480px\" \/>\t\t\t\t\t\t\t\t\t\t\t\t\t\t\t<\/div>\n\t\t\t\t\t<\/div>\n\t\t<\/div>\n\t\t\t\t\t<\/div>\n\t\t<\/section>\n\t\t\t\t<section class=\"elementor-section elementor-top-section elementor-element elementor-element-ae26957 elementor-section-boxed elementor-section-height-default elementor-section-height-default\" data-id=\"ae26957\" data-element_type=\"section\">\n\t\t\t\t\t\t<div class=\"elementor-container elementor-column-gap-no\">\n\t\t\t\t\t<div class=\"elementor-column elementor-col-100 elementor-top-column elementor-element elementor-element-5e6489d\" data-id=\"5e6489d\" data-element_type=\"column\">\n\t\t\t<div class=\"elementor-widget-wrap elementor-element-populated\">\n\t\t\t\t\t\t<div class=\"elementor-element elementor-element-b89a589 elementor-widget__width-initial elementor-widget-mobile__width-inherit elementor-widget elementor-widget-heading\" data-id=\"b89a589\" data-element_type=\"widget\" data-widget_type=\"heading.default\">\n\t\t\t\t\t<h2 class=\"elementor-heading-title elementor-size-default\">BioEnergiePlus propose des solutions technologiques adapt\u00e9es \u00e0 l\u2019\u00e9chelle des fromageries suisses :<\/h2>\t\t\t\t<\/div>\n\t\t\t\t<div class=\"elementor-element elementor-element-4f38b56 elementor-widget-divider--view-line elementor-widget elementor-widget-divider\" data-id=\"4f38b56\" data-element_type=\"widget\" data-widget_type=\"divider.default\">\n\t\t\t\t\t\t\t<div class=\"elementor-divider\">\n\t\t\t<span class=\"elementor-divider-separator\">\n\t\t\t\t\t\t<\/span>\n\t\t<\/div>\n\t\t\t\t\t\t<\/div>\n\t\t\t\t<div class=\"elementor-element elementor-element-77e21b2 elementor-widget__width-initial elementor-widget-mobile__width-inherit elementor-widget elementor-widget-text-editor\" data-id=\"77e21b2\" data-element_type=\"widget\" data-widget_type=\"text-editor.default\">\n\t\t\t\t\t\t\t\t\t<p class=\"p1\">Nos solutions permettent de transformer le lactos\u00e9rum et les eaux blanches (CIP) en m\u00e9thane non fossile, offrant ainsi aux fromageries la possibilit\u00e9 de couvrir une partie, voire la totalit\u00e9, de leurs besoins \u00e9nerg\u00e9tiques. Cette approche innovante r\u00e9duit de plus de 90 % l\u2019empreinte carbone des exploitations et s\u2019int\u00e8gre facilement dans des projets de regroupements fromagers, favorisant une production durable et collaborative.<\/p><p>Chaque installation est pens\u00e9e comme une solution cl\u00e9 en main, modulaire et conforme aux r\u00e9alit\u00e9s du terrain suisse \u2014 pour transformer un r\u00e9sidu en ressource, et faire de l\u2019\u00e9nergie un circuit court.<\/p>\t\t\t\t\t\t\t\t<\/div>\n\t\t\t\t\t<\/div>\n\t\t<\/div>\n\t\t\t\t\t<\/div>\n\t\t<\/section>\n\t\t\t\t<section class=\"elementor-section elementor-top-section elementor-element elementor-element-44bd783 elementor-section-boxed elementor-section-height-default elementor-section-height-default\" data-id=\"44bd783\" data-element_type=\"section\" data-settings=\"{&quot;background_background&quot;:&quot;classic&quot;}\">\n\t\t\t\t\t\t<div class=\"elementor-container elementor-column-gap-no\">\n\t\t\t\t\t<div class=\"elementor-column elementor-col-100 elementor-top-column elementor-element elementor-element-6df616f\" data-id=\"6df616f\" data-element_type=\"column\">\n\t\t\t<div class=\"elementor-widget-wrap elementor-element-populated\">\n\t\t\t\t\t\t<div class=\"elementor-element elementor-element-9bfddd6 elementor-widget__width-initial elementor-widget-mobile__width-inherit elementor-widget elementor-widget-heading\" data-id=\"9bfddd6\" data-element_type=\"widget\" data-widget_type=\"heading.default\">\n\t\t\t\t\t<h2 class=\"elementor-heading-title elementor-size-default\">Notre exp\u00e9rience<\/h2>\t\t\t\t<\/div>\n\t\t\t\t<div class=\"elementor-element elementor-element-d1304e4 elementor-widget__width-initial elementor-widget-mobile__width-inherit elementor-widget elementor-widget-text-editor\" data-id=\"d1304e4\" data-element_type=\"widget\" data-widget_type=\"text-editor.default\">\n\t\t\t\t\t\t\t\t\t<p>Avec 15 ans d\u2019exp\u00e9rience dans le monde du biogaz, nous mettons \u00e0 votre service une approche multidisciplinaire unique, alliant science, r\u00e9glementation et terrain.<\/p><p>Notre force ? Une capacit\u00e9 in\u00e9gal\u00e9e \u00e0 interpr\u00e9ter des m\u00e9tadonn\u00e9es qui permettent de comprendre les ph\u00e9nom\u00e8nes biologiques sur le long terme. Cette expertise approfondie vous assure un pilotage optimal, durable et \u00e9volutif de votre installation.<\/p><p>Nous ma\u00eetrisons les r\u00e8glements agricoles et leurs implications concr\u00e8tes sur l\u2019exploitation d\u2019un digesteur, pour vous garantir conformit\u00e9 et performance.<\/p><p>De la fermentation ana\u00e9robique jusqu\u2019\u00e0 l\u2019\u00e9pandage, nous vous accompagnons sur l\u2019ensemble de la cha\u00eene, avec une vision globale et coh\u00e9rente du syst\u00e8me.<\/p><p>Notre approche unique dans l\u2019interpr\u00e9tation des donn\u00e9es vous offre une lecture claire et strat\u00e9gique, orient\u00e9e vers la performance et la rentabilit\u00e9.<\/p>\t\t\t\t\t\t\t\t<\/div>\n\t\t\t\t\t<\/div>\n\t\t<\/div>\n\t\t\t\t\t<\/div>\n\t\t<\/section>\n\t\t\t\t<\/div>","protected":false},"excerpt":{"rendered":"<p>Nos solutions et exp\u00e9rience Cl\u00e9 en main Face \u00e0 la hausse des co\u00fbts \u00e9nerg\u00e9tiques et aux nouvelles exigences environnementales, les fromageries suisses sont appel\u00e9es \u00e0 repenser leur mod\u00e8le. Productrices de sp\u00e9cialit\u00e9s AOP, elles d\u00e9pendent encore largement d\u2019\u00e9nergies fossiles, contribuant ainsi aux \u00e9missions de gaz \u00e0 effet de serre. Pourtant, un formidable potentiel est sous-exploit\u00e9 : [&hellip;]<\/p>","protected":false},"author":1,"featured_media":0,"parent":0,"menu_order":0,"comment_status":"closed","ping_status":"closed","template":"","meta":{"site-sidebar-layout":"no-sidebar","site-content-layout":"page-builder","ast-site-content-layout":"default","site-content-style":"default","site-sidebar-style":"default","ast-global-header-display":"","ast-banner-title-visibility":"","ast-main-header-display":"","ast-hfb-above-header-display":"","ast-hfb-below-header-display":"","ast-hfb-mobile-header-display":"","site-post-title":"disabled","ast-breadcrumbs-content":"disabled","ast-featured-img":"disabled","footer-sml-layout":"","theme-transparent-header-meta":"enabled","adv-header-id-meta":"","stick-header-meta":"","header-above-stick-meta":"","header-main-stick-meta":"","header-below-stick-meta":"","astra-migrate-meta-layouts":"default","ast-page-background-enabled":"default","ast-page-background-meta":{"desktop":{"background-color":"","background-image":"","background-repeat":"repeat","background-position":"center center","background-size":"auto","background-attachment":"scroll","background-type":"","background-media":"","overlay-type":"","overlay-color":"","overlay-opacity":"","overlay-gradient":""},"tablet":{"background-color":"","background-image":"","background-repeat":"repeat","background-position":"center center","background-size":"auto","background-attachment":"scroll","background-type":"","background-media":"","overlay-type":"","overlay-color":"","overlay-opacity":"","overlay-gradient":""},"mobile":{"background-color":"","background-image":"","background-repeat":"repeat","background-position":"center center","background-size":"auto","background-attachment":"scroll","background-type":"","background-media":"","overlay-type":"","overlay-color":"","overlay-opacity":"","overlay-gradient":""}},"ast-content-background-meta":{"desktop":{"background-color":"var(--ast-global-color-5)","background-image":"","background-repeat":"repeat","background-position":"center center","background-size":"auto","background-attachment":"scroll","background-type":"","background-media":"","overlay-type":"","overlay-color":"","overlay-opacity":"","overlay-gradient":""},"tablet":{"background-color":"var(--ast-global-color-5)","background-image":"","background-repeat":"repeat","background-position":"center center","background-size":"auto","background-attachment":"scroll","background-type":"","background-media":"","overlay-type":"","overlay-color":"","overlay-opacity":"","overlay-gradient":""},"mobile":{"background-color":"var(--ast-global-color-5)","background-image":"","background-repeat":"repeat","background-position":"center center","background-size":"auto","background-attachment":"scroll","background-type":"","background-media":"","overlay-type":"","overlay-color":"","overlay-opacity":"","overlay-gradient":""}},"footnotes":""},"class_list":["post-321","page","type-page","status-publish","hentry"],"_links":{"self":[{"href":"https:\/\/bioenergieplus.azur-test.ch\/de\/wp-json\/wp\/v2\/pages\/321","targetHints":{"allow":["GET"]}}],"collection":[{"href":"https:\/\/bioenergieplus.azur-test.ch\/de\/wp-json\/wp\/v2\/pages"}],"about":[{"href":"https:\/\/bioenergieplus.azur-test.ch\/de\/wp-json\/wp\/v2\/types\/page"}],"author":[{"embeddable":true,"href":"https:\/\/bioenergieplus.azur-test.ch\/de\/wp-json\/wp\/v2\/users\/1"}],"replies":[{"embeddable":true,"href":"https:\/\/bioenergieplus.azur-test.ch\/de\/wp-json\/wp\/v2\/comments?post=321"}],"version-history":[{"count":113,"href":"https:\/\/bioenergieplus.azur-test.ch\/de\/wp-json\/wp\/v2\/pages\/321\/revisions"}],"predecessor-version":[{"id":2386,"href":"https:\/\/bioenergieplus.azur-test.ch\/de\/wp-json\/wp\/v2\/pages\/321\/revisions\/2386"}],"wp:attachment":[{"href":"https:\/\/bioenergieplus.azur-test.ch\/de\/wp-json\/wp\/v2\/media?parent=321"}],"curies":[{"name":"wp","href":"https:\/\/api.w.org\/{rel}","templated":true}]}}