{"id":316,"date":"2025-09-01T10:09:01","date_gmt":"2025-09-01T08:09:01","guid":{"rendered":"http:\/\/bioenergie-plus.local\/services\/"},"modified":"2025-09-18T15:34:49","modified_gmt":"2025-09-18T13:34:49","slug":"fromageries-industrie","status":"publish","type":"page","link":"https:\/\/bioenergieplus.azur-test.ch\/de\/fromageries-industrie\/","title":{"rendered":"Fromageries et Industrie"},"content":{"rendered":"<div data-elementor-type=\"wp-page\" data-elementor-id=\"316\" class=\"elementor elementor-316\">\n\t\t\t\t\t\t<section class=\"elementor-section elementor-top-section elementor-element elementor-element-47117e6 elementor-section-height-min-height elementor-section-boxed elementor-section-height-default elementor-section-items-middle\" data-id=\"47117e6\" data-element_type=\"section\" data-settings=\"{&quot;background_background&quot;:&quot;classic&quot;}\">\n\t\t\t\t\t\t<div class=\"elementor-container elementor-column-gap-no\">\n\t\t\t\t\t<div class=\"elementor-column elementor-col-100 elementor-top-column elementor-element elementor-element-c5cbc28\" data-id=\"c5cbc28\" data-element_type=\"column\">\n\t\t\t<div class=\"elementor-widget-wrap elementor-element-populated\">\n\t\t\t\t\t\t<div class=\"elementor-element elementor-element-aff0c05 elementor-widget elementor-widget-heading\" data-id=\"aff0c05\" data-element_type=\"widget\" data-widget_type=\"heading.default\">\n\t\t\t\t\t<h1 class=\"elementor-heading-title elementor-size-default\">Fromageries et Industrie<\/h1>\t\t\t\t<\/div>\n\t\t\t\t\t<\/div>\n\t\t<\/div>\n\t\t\t\t\t<\/div>\n\t\t<\/section>\n\t\t\t\t<section class=\"elementor-section elementor-top-section elementor-element elementor-element-a9a43e4 elementor-section-content-middle elementor-section-boxed elementor-section-height-default elementor-section-height-default\" data-id=\"a9a43e4\" data-element_type=\"section\" data-settings=\"{&quot;background_background&quot;:&quot;classic&quot;}\">\n\t\t\t\t\t\t\t<div class=\"elementor-background-overlay\"><\/div>\n\t\t\t\t\t\t\t<div class=\"elementor-container elementor-column-gap-no\">\n\t\t\t\t\t<div class=\"elementor-column elementor-col-100 elementor-top-column elementor-element elementor-element-b77a5dd\" data-id=\"b77a5dd\" data-element_type=\"column\">\n\t\t\t<div class=\"elementor-widget-wrap elementor-element-populated\">\n\t\t\t\t\t\t<div class=\"elementor-element elementor-element-f282360 elementor-widget elementor-widget-heading\" data-id=\"f282360\" data-element_type=\"widget\" data-widget_type=\"heading.default\">\n\t\t\t\t\t<h2 class=\"elementor-heading-title elementor-size-default\">Du petit-lait \u00e0 l\u2019\u00e9nergie : <br> comment \u00e7a fonctionne ?<\/h2>\t\t\t\t<\/div>\n\t\t\t\t<div class=\"elementor-element elementor-element-c5b0770 elementor-widget elementor-widget-text-editor\" data-id=\"c5b0770\" data-element_type=\"widget\" data-widget_type=\"text-editor.default\">\n\t\t\t\t\t\t\t\t\t<p>Chaque jour, votre fromagerie produit du petit-lait. Jusqu\u2019ici, vous le faisiez partir\u2026 ailleurs.<br \/>Avec BioEnergiePlus, vous pouvez maintenant le transformer en \u00e9nergie directement sur place.<\/p><p>Voici comment \u00e7a se passe :<\/p>\t\t\t\t\t\t\t\t<\/div>\n\t\t\t\t\t<\/div>\n\t\t<\/div>\n\t\t\t\t\t<\/div>\n\t\t<\/section>\n\t\t<div class=\"elementor-element elementor-element-d7ebd19 e-flex e-con-boxed e-con e-parent\" data-id=\"d7ebd19\" data-element_type=\"container\">\n\t\t\t\t\t<div class=\"e-con-inner\">\n\t\t\t\t<div class=\"elementor-element elementor-element-d1e3e9b e-n-tabs-mobile elementor-widget elementor-widget-n-tabs\" data-id=\"d1e3e9b\" data-element_type=\"widget\" data-settings=\"{&quot;tabs_justify_horizontal_mobile&quot;:&quot;center&quot;,&quot;horizontal_scroll&quot;:&quot;disable&quot;}\" data-widget_type=\"nested-tabs.default\">\n\t\t\t\t\t\t\t<div class=\"e-n-tabs\" data-widget-number=\"220085915\" aria-label=\"Onglets. Ouvrez des \u00e9l\u00e9ments avec Entrer ou Espace, fermez-les avec Echape et naviguez \u00e0 l&#039;aide des touches fl\u00e9ch\u00e9es.\">\n\t\t\t<div class=\"e-n-tabs-heading\" role=\"tablist\">\n\t\t\t\t\t<button id=\"e-n-tab-title-2200859151\" class=\"e-n-tab-title\" aria-selected=\"true\" data-tab-index=\"1\" role=\"tab\" tabindex=\"0\" aria-controls=\"e-n-tab-content-2200859151\" style=\"--n-tabs-title-order: 1;\">\n\t\t\t\t\t\t<span class=\"e-n-tab-title-text\">\n\t\t\t\tFromageries artisanales\t\t\t<\/span>\n\t\t<\/button>\n\t\t\t\t<button id=\"e-n-tab-title-2200859152\" class=\"e-n-tab-title\" aria-selected=\"false\" data-tab-index=\"2\" role=\"tab\" tabindex=\"-1\" aria-controls=\"e-n-tab-content-2200859152\" style=\"--n-tabs-title-order: 2;\">\n\t\t\t\t\t\t<span class=\"e-n-tab-title-text\">\n\t\t\t\tIndustrie laiti\u00e8re\t\t\t<\/span>\n\t\t<\/button>\n\t\t\t\t\t<\/div>\n\t\t\t<div class=\"e-n-tabs-content\">\n\t\t\t\t<div id=\"e-n-tab-content-2200859151\" role=\"tabpanel\" aria-labelledby=\"e-n-tab-title-2200859151\" data-tab-index=\"1\" style=\"--n-tabs-title-order: 1;\" class=\"e-active elementor-element elementor-element-71c5b77 e-con-full e-flex e-con e-child\" data-id=\"71c5b77\" data-element_type=\"container\">\n\t\t\t\t<div class=\"elementor-element elementor-element-6d746286 elementor-widget elementor-widget-image\" data-id=\"6d746286\" data-element_type=\"widget\" data-widget_type=\"image.default\">\n\t\t\t\t\t\t\t\t\t\t\t\t\t\t\t<img fetchpriority=\"high\" decoding=\"async\" width=\"1468\" height=\"673\" src=\"https:\/\/bioenergieplus.azur-test.ch\/wp-content\/uploads\/2025\/09\/model-1.png\" class=\"attachment-full size-full wp-image-2144\" alt=\"model.png\" srcset=\"https:\/\/bioenergieplus.azur-test.ch\/wp-content\/uploads\/2025\/09\/model-1.png 1468w, https:\/\/bioenergieplus.azur-test.ch\/wp-content\/uploads\/2025\/09\/model-1-300x138.png 300w, https:\/\/bioenergieplus.azur-test.ch\/wp-content\/uploads\/2025\/09\/model-1-1024x469.png 1024w, https:\/\/bioenergieplus.azur-test.ch\/wp-content\/uploads\/2025\/09\/model-1-768x352.png 768w, https:\/\/bioenergieplus.azur-test.ch\/wp-content\/uploads\/2025\/09\/model-1-18x8.png 18w\" sizes=\"(max-width: 1468px) 100vw, 1468px\" \/>\t\t\t\t\t\t\t\t\t\t\t\t\t\t\t<\/div>\n\t\t\t\t<div class=\"elementor-element elementor-element-f00149f elementor-widget elementor-widget-image\" data-id=\"f00149f\" data-element_type=\"widget\" data-widget_type=\"image.default\">\n\t\t\t\t\t\t\t\t\t\t\t\t\t\t\t<img decoding=\"async\" width=\"2560\" height=\"1440\" src=\"https:\/\/bioenergieplus.azur-test.ch\/wp-content\/uploads\/2025\/09\/Model-3d-02-scaled.jpg\" class=\"attachment-full size-full wp-image-2336\" alt=\"model 3d 02\" srcset=\"https:\/\/bioenergieplus.azur-test.ch\/wp-content\/uploads\/2025\/09\/Model-3d-02-scaled.jpg 2560w, https:\/\/bioenergieplus.azur-test.ch\/wp-content\/uploads\/2025\/09\/Model-3d-02-300x169.jpg 300w, https:\/\/bioenergieplus.azur-test.ch\/wp-content\/uploads\/2025\/09\/Model-3d-02-1024x576.jpg 1024w, https:\/\/bioenergieplus.azur-test.ch\/wp-content\/uploads\/2025\/09\/Model-3d-02-768x432.jpg 768w, https:\/\/bioenergieplus.azur-test.ch\/wp-content\/uploads\/2025\/09\/Model-3d-02-1536x864.jpg 1536w, https:\/\/bioenergieplus.azur-test.ch\/wp-content\/uploads\/2025\/09\/Model-3d-02-2048x1152.jpg 2048w, https:\/\/bioenergieplus.azur-test.ch\/wp-content\/uploads\/2025\/09\/Model-3d-02-18x10.jpg 18w\" sizes=\"(max-width: 2560px) 100vw, 2560px\" \/>\t\t\t\t\t\t\t\t\t\t\t\t\t\t\t<\/div>\n\t\t\t\t<div class=\"elementor-element elementor-element-52f90c0 elementor-widget elementor-widget-heading\" data-id=\"52f90c0\" data-element_type=\"widget\" data-widget_type=\"heading.default\">\n\t\t\t\t\t<h2 class=\"elementor-heading-title elementor-size-default\">Dimension de l'installation : <br><b>10 \u00d7 12 \u00d7 6m<\/b> <br> Fromagerie de 4 millions de litres de lait par an<\/h2>\t\t\t\t<\/div>\n\t\t\t\t<\/div>\n\t\t<div id=\"e-n-tab-content-2200859152\" role=\"tabpanel\" aria-labelledby=\"e-n-tab-title-2200859152\" data-tab-index=\"2\" style=\"--n-tabs-title-order: 2;\" class=\"elementor-element elementor-element-12bb801 e-con-full e-flex e-con e-child\" data-id=\"12bb801\" data-element_type=\"container\">\n\t\t\t\t<div class=\"elementor-element elementor-element-8b3e9f8 elementor-widget elementor-widget-image\" data-id=\"8b3e9f8\" data-element_type=\"widget\" data-widget_type=\"image.default\">\n\t\t\t\t\t\t\t\t\t\t\t\t\t\t\t<img decoding=\"async\" width=\"2000\" height=\"1500\" src=\"https:\/\/bioenergieplus.azur-test.ch\/wp-content\/uploads\/2025\/09\/bioenergieplus-img-01.jpg\" class=\"attachment-full size-full wp-image-2175\" alt=\"bioenergieplus img 01\" srcset=\"https:\/\/bioenergieplus.azur-test.ch\/wp-content\/uploads\/2025\/09\/bioenergieplus-img-01.jpg 2000w, https:\/\/bioenergieplus.azur-test.ch\/wp-content\/uploads\/2025\/09\/bioenergieplus-img-01-300x225.jpg 300w, https:\/\/bioenergieplus.azur-test.ch\/wp-content\/uploads\/2025\/09\/bioenergieplus-img-01-1024x768.jpg 1024w, https:\/\/bioenergieplus.azur-test.ch\/wp-content\/uploads\/2025\/09\/bioenergieplus-img-01-768x576.jpg 768w, https:\/\/bioenergieplus.azur-test.ch\/wp-content\/uploads\/2025\/09\/bioenergieplus-img-01-1536x1152.jpg 1536w, https:\/\/bioenergieplus.azur-test.ch\/wp-content\/uploads\/2025\/09\/bioenergieplus-img-01-16x12.jpg 16w\" sizes=\"(max-width: 2000px) 100vw, 2000px\" \/>\t\t\t\t\t\t\t\t\t\t\t\t\t\t\t<\/div>\n\t\t<div class=\"elementor-element elementor-element-b76a8b9 e-grid e-con-boxed e-con e-child\" data-id=\"b76a8b9\" data-element_type=\"container\">\n\t\t\t\t\t<div class=\"e-con-inner\">\n\t\t\t\t<div class=\"elementor-element elementor-element-64ec68a elementor-widget elementor-widget-image\" data-id=\"64ec68a\" data-element_type=\"widget\" data-widget_type=\"image.default\">\n\t\t\t\t\t\t\t\t\t\t\t\t\t\t\t<img loading=\"lazy\" decoding=\"async\" width=\"2000\" height=\"1500\" src=\"https:\/\/bioenergieplus.azur-test.ch\/wp-content\/uploads\/2025\/09\/PHOTO-2025-04-22-09-36-51-2.jpg\" class=\"attachment-full size-full wp-image-1705\" alt=\"photo 2025 04 22 09 36 51 2\" srcset=\"https:\/\/bioenergieplus.azur-test.ch\/wp-content\/uploads\/2025\/09\/PHOTO-2025-04-22-09-36-51-2.jpg 2000w, https:\/\/bioenergieplus.azur-test.ch\/wp-content\/uploads\/2025\/09\/PHOTO-2025-04-22-09-36-51-2-300x225.jpg 300w, https:\/\/bioenergieplus.azur-test.ch\/wp-content\/uploads\/2025\/09\/PHOTO-2025-04-22-09-36-51-2-1024x768.jpg 1024w, https:\/\/bioenergieplus.azur-test.ch\/wp-content\/uploads\/2025\/09\/PHOTO-2025-04-22-09-36-51-2-768x576.jpg 768w, https:\/\/bioenergieplus.azur-test.ch\/wp-content\/uploads\/2025\/09\/PHOTO-2025-04-22-09-36-51-2-1536x1152.jpg 1536w, https:\/\/bioenergieplus.azur-test.ch\/wp-content\/uploads\/2025\/09\/PHOTO-2025-04-22-09-36-51-2-16x12.jpg 16w\" sizes=\"(max-width: 2000px) 100vw, 2000px\" \/>\t\t\t\t\t\t\t\t\t\t\t\t\t\t\t<\/div>\n\t\t\t\t<div class=\"elementor-element elementor-element-03d6823 elementor-widget elementor-widget-image\" data-id=\"03d6823\" data-element_type=\"widget\" data-widget_type=\"image.default\">\n\t\t\t\t\t\t\t\t\t\t\t\t\t\t\t<img loading=\"lazy\" decoding=\"async\" width=\"2560\" height=\"1920\" src=\"https:\/\/bioenergieplus.azur-test.ch\/wp-content\/uploads\/2025\/09\/IMG_20241218_084237-scaled-1.jpg\" class=\"attachment-full size-full wp-image-1762\" alt=\"img 20241218 084237 scaled.jpg\" srcset=\"https:\/\/bioenergieplus.azur-test.ch\/wp-content\/uploads\/2025\/09\/IMG_20241218_084237-scaled-1.jpg 2560w, https:\/\/bioenergieplus.azur-test.ch\/wp-content\/uploads\/2025\/09\/IMG_20241218_084237-scaled-1-300x225.jpg 300w, https:\/\/bioenergieplus.azur-test.ch\/wp-content\/uploads\/2025\/09\/IMG_20241218_084237-scaled-1-1024x768.jpg 1024w, https:\/\/bioenergieplus.azur-test.ch\/wp-content\/uploads\/2025\/09\/IMG_20241218_084237-scaled-1-768x576.jpg 768w, https:\/\/bioenergieplus.azur-test.ch\/wp-content\/uploads\/2025\/09\/IMG_20241218_084237-scaled-1-1536x1152.jpg 1536w, https:\/\/bioenergieplus.azur-test.ch\/wp-content\/uploads\/2025\/09\/IMG_20241218_084237-scaled-1-2048x1536.jpg 2048w, https:\/\/bioenergieplus.azur-test.ch\/wp-content\/uploads\/2025\/09\/IMG_20241218_084237-scaled-1-16x12.jpg 16w\" sizes=\"(max-width: 2560px) 100vw, 2560px\" \/>\t\t\t\t\t\t\t\t\t\t\t\t\t\t\t<\/div>\n\t\t\t\t\t<\/div>\n\t\t\t\t<\/div>\n\t\t\t\t<\/div>\n\t\t\t\t\t<\/div>\n\t\t<\/div>\n\t\t\t\t\t\t<\/div>\n\t\t\t\t\t<\/div>\n\t\t\t\t<\/div>\n\t\t\t\t<section class=\"elementor-section elementor-top-section elementor-element elementor-element-7ccd6a8 elementor-section-boxed elementor-section-height-default elementor-section-height-default\" data-id=\"7ccd6a8\" data-element_type=\"section\" data-settings=\"{&quot;background_background&quot;:&quot;classic&quot;}\">\n\t\t\t\t\t\t<div class=\"elementor-container elementor-column-gap-no\">\n\t\t\t\t\t<div class=\"elementor-column elementor-col-100 elementor-top-column elementor-element elementor-element-e361a82\" data-id=\"e361a82\" data-element_type=\"column\">\n\t\t\t<div class=\"elementor-widget-wrap elementor-element-populated\">\n\t\t\t\t<div class=\"elementor-element elementor-element-4454d1d e-flex e-con-boxed e-con e-parent\" data-id=\"4454d1d\" data-element_type=\"container\">\n\t\t\t\t\t<div class=\"e-con-inner\">\n\t\t\t\t<div class=\"elementor-element elementor-element-574641d elementor-widget elementor-widget-heading\" data-id=\"574641d\" data-element_type=\"widget\" data-widget_type=\"heading.default\">\n\t\t\t\t\t<h2 class=\"elementor-heading-title elementor-size-default\">Le petit-lait est r\u00e9cup\u00e9r\u00e9\u200b<\/h2>\t\t\t\t<\/div>\n\t\t\t\t<div class=\"elementor-element elementor-element-8e2efa5 elementor-widget elementor-widget-text-editor\" data-id=\"8e2efa5\" data-element_type=\"widget\" data-widget_type=\"text-editor.default\">\n\t\t\t\t\t\t\t\t\t<p>On capte automatiquement le petit-lait (et les eaux de nettoyage) \u00e0 la sortie de votre production.<br \/>Pas besoin de le refroidir. Un simple stockage tampon avant l&rsquo;introduction dans le digesteur.<\/p>\t\t\t\t\t\t\t\t<\/div>\n\t\t\t\t\t<\/div>\n\t\t\t\t<\/div>\n\t\t<div class=\"elementor-element elementor-element-d688397 e-flex e-con-boxed e-con e-parent\" data-id=\"d688397\" data-element_type=\"container\">\n\t\t\t\t\t<div class=\"e-con-inner\">\n\t\t\t\t<div class=\"elementor-element elementor-element-fa0b43d elementor-widget elementor-widget-heading\" data-id=\"fa0b43d\" data-element_type=\"widget\" data-widget_type=\"heading.default\">\n\t\t\t\t\t<h2 class=\"elementor-heading-title elementor-size-default\">Il entre dans une cuve sp\u00e9ciale (le digesteur)<\/h2>\t\t\t\t<\/div>\n\t\t\t\t<div class=\"elementor-element elementor-element-bce5412 elementor-widget elementor-widget-text-editor\" data-id=\"bce5412\" data-element_type=\"widget\" data-widget_type=\"text-editor.default\">\n\t\t\t\t\t\t\t\t\t<p>Dans cette cuve, appel\u00e9e digesteur, ferm\u00e9e et maintenue au chaud (le digesteur), des bact\u00e9ries naturelles d\u00e9composent le petit-lait. Ce processus s\u2019appelle la m\u00e9thanisation.<\/p>\t\t\t\t\t\t\t\t<\/div>\n\t\t\t\t\t<\/div>\n\t\t\t\t<\/div>\n\t\t<div class=\"elementor-element elementor-element-3a6c458 e-flex e-con-boxed e-con e-parent\" data-id=\"3a6c458\" data-element_type=\"container\">\n\t\t\t\t\t<div class=\"e-con-inner\">\n\t\t\t\t<div class=\"elementor-element elementor-element-7dbd94f elementor-widget elementor-widget-heading\" data-id=\"7dbd94f\" data-element_type=\"widget\" data-widget_type=\"heading.default\">\n\t\t\t\t\t<h2 class=\"elementor-heading-title elementor-size-default\">Le biogaz se forme<\/h2>\t\t\t\t<\/div>\n\t\t\t\t<div class=\"elementor-element elementor-element-fa2ccf7 elementor-widget elementor-widget-text-editor\" data-id=\"fa2ccf7\" data-element_type=\"widget\" data-widget_type=\"text-editor.default\">\n\t\t\t\t\t\t\t\t\t<p>Pendant ce processus, un gaz se d\u00e9gage : le m\u00e9thane, un gaz propre et non fossile.<br \/>Il peut \u00eatre utilis\u00e9 sur place pour chauffer de l\u2019eau, les locaux\u2026 ou produire de l\u2019\u00e9lectricit\u00e9.<\/p>\t\t\t\t\t\t\t\t<\/div>\n\t\t\t\t\t<\/div>\n\t\t\t\t<\/div>\n\t\t<div class=\"elementor-element elementor-element-c510750 e-flex e-con-boxed e-con e-parent\" data-id=\"c510750\" data-element_type=\"container\">\n\t\t\t\t\t<div class=\"e-con-inner\">\n\t\t\t\t<div class=\"elementor-element elementor-element-d83d80c elementor-widget elementor-widget-heading\" data-id=\"d83d80c\" data-element_type=\"widget\" data-widget_type=\"heading.default\">\n\t\t\t\t\t<h2 class=\"elementor-heading-title elementor-size-default\">Vous utilisez votre propre \u00e9nergie<\/h2>\t\t\t\t<\/div>\n\t\t\t\t<div class=\"elementor-element elementor-element-4cdb64a elementor-widget elementor-widget-text-editor\" data-id=\"4cdb64a\" data-element_type=\"widget\" data-widget_type=\"text-editor.default\">\n\t\t\t\t\t\t\t\t\t<p>Avec ce gaz, vous pouvez chauffer votre eau de process, chauffer votre b\u00e2timent et alimenter une unit\u00e9 de cog\u00e9n\u00e9ration afin de produire \u00e9galement votre propre \u00e9lectricit\u00e9.<\/p>\t\t\t\t\t\t\t\t<\/div>\n\t\t\t\t\t<\/div>\n\t\t\t\t<\/div>\n\t\t<div class=\"elementor-element elementor-element-168f257 e-flex e-con-boxed e-con e-parent\" data-id=\"168f257\" data-element_type=\"container\">\n\t\t\t\t\t<div class=\"e-con-inner\">\n\t\t\t\t<div class=\"elementor-element elementor-element-444e9e7 elementor-widget elementor-widget-heading\" data-id=\"444e9e7\" data-element_type=\"widget\" data-widget_type=\"heading.default\">\n\t\t\t\t\t<h2 class=\"elementor-heading-title elementor-size-default\">Ce qu\u2019il reste ? <br> On le traite proprement<\/h2>\t\t\t\t<\/div>\n\t\t\t\t<div class=\"elementor-element elementor-element-53384a0 elementor-widget elementor-widget-text-editor\" data-id=\"53384a0\" data-element_type=\"widget\" data-widget_type=\"text-editor.default\">\n\t\t\t\t\t\t\t\t\t<p>Le r\u00e9sidu, appel\u00e9 digestat, est filtr\u00e9 et trait\u00e9 sur place.<br \/>Il peut \u00eatre \u00e9vacu\u00e9 dans les eaux us\u00e9es (avec l&rsquo;accord de la commune), ou parfois valoris\u00e9 comme fertilisant.<\/p>\t\t\t\t\t\t\t\t<\/div>\n\t\t\t\t\t<\/div>\n\t\t\t\t<\/div>\n\t\t<div class=\"elementor-element elementor-element-b315a54 e-flex e-con-boxed e-con e-parent\" data-id=\"b315a54\" data-element_type=\"container\">\n\t\t\t\t\t<div class=\"e-con-inner\">\n\t\t\t\t<div class=\"elementor-element elementor-element-0407b6c elementor-widget elementor-widget-heading\" data-id=\"0407b6c\" data-element_type=\"widget\" data-widget_type=\"heading.default\">\n\t\t\t\t\t<h2 class=\"elementor-heading-title elementor-size-default\">Et tout cela est g\u00e9r\u00e9 automatiquement<\/h2>\t\t\t\t<\/div>\n\t\t\t\t<div class=\"elementor-element elementor-element-866d246 elementor-widget elementor-widget-text-editor\" data-id=\"866d246\" data-element_type=\"widget\" data-widget_type=\"text-editor.default\">\n\t\t\t\t\t\t\t\t\t<p>L\u2019installation est discr\u00e8te, connect\u00e9e, suivie par ordinateur.<br \/>Vous pouvez vous concentrer sur votre savoir-faire : faire du fromage, pas du gaz.<\/p>\t\t\t\t\t\t\t\t<\/div>\n\t\t\t\t\t<\/div>\n\t\t\t\t<\/div>\n\t\t\t\t\t<\/div>\n\t\t<\/div>\n\t\t\t\t\t<\/div>\n\t\t<\/section>\n\t\t\t\t<section class=\"elementor-section elementor-top-section elementor-element elementor-element-az0o47p elementor-section-content-top elementor-section-boxed elementor-section-height-default elementor-section-height-default\" data-id=\"az0o47p\" data-element_type=\"section\" data-settings=\"{&quot;background_background&quot;:&quot;classic&quot;}\">\n\t\t\t\t\t\t\t<div class=\"elementor-background-overlay\"><\/div>\n\t\t\t\t\t\t\t<div class=\"elementor-container elementor-column-gap-no\">\n\t\t\t\t\t<div class=\"elementor-column elementor-col-100 elementor-top-column elementor-element elementor-element-5312e3d\" data-id=\"5312e3d\" data-element_type=\"column\" data-settings=\"{&quot;background_background&quot;:&quot;classic&quot;}\">\n\t\t\t<div class=\"elementor-widget-wrap elementor-element-populated\">\n\t\t\t\t\t\t<div class=\"elementor-element elementor-element-f8e2218 elementor-widget elementor-widget-heading\" data-id=\"f8e2218\" data-element_type=\"widget\" data-widget_type=\"heading.default\">\n\t\t\t\t\t<h2 class=\"elementor-heading-title elementor-size-default\">Le r\u00e9sultat ?<\/h2>\t\t\t\t<\/div>\n\t\t\t\t<div class=\"elementor-element elementor-element-14524f7 elementor-widget__width-initial elementor-widget elementor-widget-text-editor\" data-id=\"14524f7\" data-element_type=\"widget\" data-widget_type=\"text-editor.default\">\n\t\t\t\t\t\t\t\t\t<p class=\"p1\">Vous r\u00e9duisez votre facture d\u2019\u00e9nergie, vous r\u00e9duisez votre empreinte carbone et vous valorisez un sous-produit qui partait presque \u00e0 perte.<\/p>\t\t\t\t\t\t\t\t<\/div>\n\t\t\t\t\t<\/div>\n\t\t<\/div>\n\t\t\t\t\t<\/div>\n\t\t<\/section>\n\t\t\t\t<\/div>","protected":false},"excerpt":{"rendered":"<p>Fromageries et Industrie Du petit-lait \u00e0 l\u2019\u00e9nergie : comment \u00e7a fonctionne ? Chaque jour, votre fromagerie produit du petit-lait. Jusqu\u2019ici, vous le faisiez partir\u2026 ailleurs.Avec BioEnergiePlus, vous pouvez maintenant le transformer en \u00e9nergie directement sur place. Voici comment \u00e7a se passe : Fromageries artisanales Industrie laiti\u00e8re Dimension de l&rsquo;installation : 10 \u00d7 12 \u00d7 6m [&hellip;]<\/p>","protected":false},"author":1,"featured_media":0,"parent":0,"menu_order":0,"comment_status":"closed","ping_status":"closed","template":"","meta":{"site-sidebar-layout":"no-sidebar","site-content-layout":"page-builder","ast-site-content-layout":"full-width-container","site-content-style":"unboxed","site-sidebar-style":"unboxed","ast-global-header-display":"","ast-banner-title-visibility":"","ast-main-header-display":"","ast-hfb-above-header-display":"","ast-hfb-below-header-display":"","ast-hfb-mobile-header-display":"","site-post-title":"disabled","ast-breadcrumbs-content":"disabled","ast-featured-img":"disabled","footer-sml-layout":"","theme-transparent-header-meta":"enabled","adv-header-id-meta":"","stick-header-meta":"","header-above-stick-meta":"","header-main-stick-meta":"","header-below-stick-meta":"","astra-migrate-meta-layouts":"set","ast-page-background-enabled":"default","ast-page-background-meta":{"desktop":{"background-color":"","background-image":"","background-repeat":"repeat","background-position":"center center","background-size":"auto","background-attachment":"scroll","background-type":"","background-media":"","overlay-type":"","overlay-color":"","overlay-opacity":"","overlay-gradient":""},"tablet":{"background-color":"","background-image":"","background-repeat":"repeat","background-position":"center center","background-size":"auto","background-attachment":"scroll","background-type":"","background-media":"","overlay-type":"","overlay-color":"","overlay-opacity":"","overlay-gradient":""},"mobile":{"background-color":"","background-image":"","background-repeat":"repeat","background-position":"center center","background-size":"auto","background-attachment":"scroll","background-type":"","background-media":"","overlay-type":"","overlay-color":"","overlay-opacity":"","overlay-gradient":""}},"ast-content-background-meta":{"desktop":{"background-color":"var(--ast-global-color-5)","background-image":"","background-repeat":"repeat","background-position":"center center","background-size":"auto","background-attachment":"scroll","background-type":"","background-media":"","overlay-type":"","overlay-color":"","overlay-opacity":"","overlay-gradient":""},"tablet":{"background-color":"var(--ast-global-color-5)","background-image":"","background-repeat":"repeat","background-position":"center center","background-size":"auto","background-attachment":"scroll","background-type":"","background-media":"","overlay-type":"","overlay-color":"","overlay-opacity":"","overlay-gradient":""},"mobile":{"background-color":"var(--ast-global-color-5)","background-image":"","background-repeat":"repeat","background-position":"center center","background-size":"auto","background-attachment":"scroll","background-type":"","background-media":"","overlay-type":"","overlay-color":"","overlay-opacity":"","overlay-gradient":""}},"footnotes":""},"class_list":["post-316","page","type-page","status-publish","hentry"],"_links":{"self":[{"href":"https:\/\/bioenergieplus.azur-test.ch\/de\/wp-json\/wp\/v2\/pages\/316","targetHints":{"allow":["GET"]}}],"collection":[{"href":"https:\/\/bioenergieplus.azur-test.ch\/de\/wp-json\/wp\/v2\/pages"}],"about":[{"href":"https:\/\/bioenergieplus.azur-test.ch\/de\/wp-json\/wp\/v2\/types\/page"}],"author":[{"embeddable":true,"href":"https:\/\/bioenergieplus.azur-test.ch\/de\/wp-json\/wp\/v2\/users\/1"}],"replies":[{"embeddable":true,"href":"https:\/\/bioenergieplus.azur-test.ch\/de\/wp-json\/wp\/v2\/comments?post=316"}],"version-history":[{"count":201,"href":"https:\/\/bioenergieplus.azur-test.ch\/de\/wp-json\/wp\/v2\/pages\/316\/revisions"}],"predecessor-version":[{"id":2406,"href":"https:\/\/bioenergieplus.azur-test.ch\/de\/wp-json\/wp\/v2\/pages\/316\/revisions\/2406"}],"wp:attachment":[{"href":"https:\/\/bioenergieplus.azur-test.ch\/de\/wp-json\/wp\/v2\/media?parent=316"}],"curies":[{"name":"wp","href":"https:\/\/api.w.org\/{rel}","templated":true}]}}