{"id":1644,"date":"2025-09-05T13:31:51","date_gmt":"2025-09-05T11:31:51","guid":{"rendered":"http:\/\/bioenergie-plus.local\/?page_id=1644"},"modified":"2025-09-18T09:30:34","modified_gmt":"2025-09-18T07:30:34","slug":"team","status":"publish","type":"page","link":"https:\/\/bioenergieplus.azur-test.ch\/de\/team\/","title":{"rendered":"La Team"},"content":{"rendered":"<div data-elementor-type=\"wp-page\" data-elementor-id=\"1644\" class=\"elementor elementor-1644\">\n\t\t\t\t\t\t<section class=\"elementor-section elementor-top-section elementor-element elementor-element-47117e6 elementor-section-height-min-height elementor-section-boxed elementor-section-height-default elementor-section-items-middle\" data-id=\"47117e6\" data-element_type=\"section\" data-settings=\"{&quot;background_background&quot;:&quot;classic&quot;}\">\n\t\t\t\t\t\t<div class=\"elementor-container elementor-column-gap-no\">\n\t\t\t\t\t<div class=\"elementor-column elementor-col-100 elementor-top-column elementor-element elementor-element-c5cbc28\" data-id=\"c5cbc28\" data-element_type=\"column\">\n\t\t\t<div class=\"elementor-widget-wrap elementor-element-populated\">\n\t\t\t\t\t\t<div class=\"elementor-element elementor-element-aff0c05 elementor-widget elementor-widget-heading\" data-id=\"aff0c05\" data-element_type=\"widget\" data-widget_type=\"heading.default\">\n\t\t\t\t\t<h1 class=\"elementor-heading-title elementor-size-default\">Le  Team<\/h1>\t\t\t\t<\/div>\n\t\t\t\t<div class=\"elementor-element elementor-element-b190ddb elementor-widget elementor-widget-heading\" data-id=\"b190ddb\" data-element_type=\"widget\" data-widget_type=\"heading.default\">\n\t\t\t\t\t<div class=\"elementor-heading-title elementor-size-default\">Le team r\u00e9unit les comp\u00e9tences et expertises dans les domaines de la m\u00e9thanisation, de l\u2019ing\u00e9nierie de l\u2019\u00e9nergie, du g\u00e9nie rural, de d\u00e9carbonation, de l\u2019ing\u00e9nierie technique et microbiologique, des aspects l\u00e9gaux, de la coordination de projets et de la gestion financi\u00e8re.<\/div>\t\t\t\t<\/div>\n\t\t\t\t\t<\/div>\n\t\t<\/div>\n\t\t\t\t\t<\/div>\n\t\t<\/section>\n\t\t<div class=\"elementor-element elementor-element-1efb80f e-grid e-con-boxed e-con e-parent\" data-id=\"1efb80f\" data-element_type=\"container\">\n\t\t\t\t\t<div class=\"e-con-inner\">\n\t\t\t\t<div class=\"elementor-element elementor-element-1c99c70 uael-shape-rounded elementor-shape-rounded uael-member-image-pos-above uael-team-member-align-center elementor-widget elementor-widget-uael-team-member\" data-id=\"1c99c70\" data-element_type=\"widget\" data-widget_type=\"uael-team-member.default\">\n\t\t\t\t<div class=\"elementor-widget-container\">\n\t\t\t\t\t\t\t<div class=\"uael-team-member\">\n\t\t\t<div class = \"uael-team-member-wrap\" >\n\t\t\t\t<div class=\"uael-member-wrap\" >\n\t\t\t\t\t\t\t\t\t\t\t\t<div class=\"uael-team-member-image\">\n\t\t\t\t\t\t\t<div class=\"elementor-animation-\"><img fetchpriority=\"high\" decoding=\"async\" width=\"1200\" height=\"800\" src=\"https:\/\/bioenergieplus.azur-test.ch\/wp-content\/uploads\/2025\/09\/placeholder-1.png\" class=\"attachment-full size-full wp-image-1648\" alt=\"placeholder.png\" srcset=\"https:\/\/bioenergieplus.azur-test.ch\/wp-content\/uploads\/2025\/09\/placeholder-1.png 1200w, https:\/\/bioenergieplus.azur-test.ch\/wp-content\/uploads\/2025\/09\/placeholder-1-300x200.png 300w, https:\/\/bioenergieplus.azur-test.ch\/wp-content\/uploads\/2025\/09\/placeholder-1-1024x683.png 1024w, https:\/\/bioenergieplus.azur-test.ch\/wp-content\/uploads\/2025\/09\/placeholder-1-768x512.png 768w, https:\/\/bioenergieplus.azur-test.ch\/wp-content\/uploads\/2025\/09\/placeholder-1-18x12.png 18w\" sizes=\"(max-width: 1200px) 100vw, 1200px\" \/><\/div>\t\t\t\t\t\t\t<\/div>\n\t\t\t\t\t\t\t\t\t\t\t\t\t\t\t<div class=\"uael-team-member-content\">\n\t\t\t\t\t\t\t\t\t\t\t<div class=\"uael-team-member-name\">\n\t\t\t\t\t\t<h4 class=\"uael-team-name\">Jean-Daniel CHOLLET\u200b<\/h4>\t\t\t\t\t\t<\/div>\n\t\t\t\t\t\t\t\t\t\t\t\t\t\t\t\t\t\t\t\t\t\t\t\t\t\t\t\t\t\t\t\t\t\t\t\t\t<div class=\"uael-team-member-desc\">\n\t\t\t\t\t\t\t<div class=\"uael-team-desc\">Expert en Strat\u00e9gies de Bio-traitement<\/div>\n\t\t\t\t\t\t<\/div>\n\t\t\t\t\t\t\t\t\t\t\t\t\t\t\t\t\t\t\t\t\t<div class=\"elementor-social-icons-wrapper\">\n\t\t\t\t\t\t\t<div class=\"uael-team-social-icon\">\n\t\t\t\t\t\t\t\t\t\t\t\t\t\t\t\t<a class=\"elementor-icon elementor-social-icon elementor-social-icon- elementor-animation- elementor-repeater-item-f3f9d71\" href=\"http:\/\/www.linkedin.com\/in\/jean-daniel-chollet-97a19515b\" target=\"_blank\" aria-label=\"\">\n\t\t\t\t\t\t\t\t\t\t<svg xmlns=\"http:\/\/www.w3.org\/2000\/svg\" id=\"Layer_2\" data-name=\"Layer 2\" viewbox=\"0 0 448 448\"><defs><style>      .cls-1 {        fill: #fff;        stroke-width: 0px;      }    <\/style><\/defs><g id=\"Calque_1\" data-name=\"Calque 1\"><path class=\"cls-1\" d=\"M100.3,448H7.4V148.9h92.9v299.1ZM53.8,108.1C24.1,108.1,0,83.5,0,53.8S24.1,0,53.8,0s53.8,24.1,53.8,53.8-24.1,54.3-53.8,54.3ZM447.9,448h-92.7v-145.6c0-34.7-.7-79.2-48.3-79.2s-55.7,37.7-55.7,76.7v148.1h-92.8V148.9h89.1v40.8h1.3c12.4-23.5,42.7-48.3,87.9-48.3,94,0,111.3,61.9,111.3,142.3v164.3h-.1Z\"><\/path><\/g><\/svg>\t\t\t\t\t\t\t\t\t<\/a>\n\t\t\t\t\t\t\t\t\t\t\t\t\t\t\t\t\t\t\t\t\t\t\t<\/div>\n\t\t\t\t\t\t<\/div>\n\t\t\t\t\t\t\t\t\t<\/div>\n\t\t\t<\/div>\n\t\t<\/div>\n\t<\/div>\n\t\t\t\t\t\t<\/div>\n\t\t\t\t<\/div>\n\t\t\t\t<div class=\"elementor-element elementor-element-22a499c2 uael-shape-rounded elementor-shape-rounded uael-member-image-pos-above uael-team-member-align-center elementor-widget elementor-widget-uael-team-member\" data-id=\"22a499c2\" data-element_type=\"widget\" data-widget_type=\"uael-team-member.default\">\n\t\t\t\t<div class=\"elementor-widget-container\">\n\t\t\t\t\t\t\t<div class=\"uael-team-member\">\n\t\t\t<div class = \"uael-team-member-wrap\" >\n\t\t\t\t<div class=\"uael-member-wrap\" >\n\t\t\t\t\t\t\t\t\t\t\t\t<div class=\"uael-team-member-image\">\n\t\t\t\t\t\t\t<div class=\"elementor-animation-\"><img decoding=\"async\" width=\"1200\" height=\"800\" src=\"https:\/\/bioenergieplus.azur-test.ch\/wp-content\/uploads\/2025\/09\/placeholder-2.png\" class=\"attachment-full size-full wp-image-1649\" alt=\"placeholder.png\" srcset=\"https:\/\/bioenergieplus.azur-test.ch\/wp-content\/uploads\/2025\/09\/placeholder-2.png 1200w, https:\/\/bioenergieplus.azur-test.ch\/wp-content\/uploads\/2025\/09\/placeholder-2-300x200.png 300w, https:\/\/bioenergieplus.azur-test.ch\/wp-content\/uploads\/2025\/09\/placeholder-2-1024x683.png 1024w, https:\/\/bioenergieplus.azur-test.ch\/wp-content\/uploads\/2025\/09\/placeholder-2-768x512.png 768w, https:\/\/bioenergieplus.azur-test.ch\/wp-content\/uploads\/2025\/09\/placeholder-2-18x12.png 18w\" sizes=\"(max-width: 1200px) 100vw, 1200px\" \/><\/div>\t\t\t\t\t\t\t<\/div>\n\t\t\t\t\t\t\t\t\t\t\t\t\t\t\t<div class=\"uael-team-member-content\">\n\t\t\t\t\t\t\t\t\t\t\t<div class=\"uael-team-member-name\">\n\t\t\t\t\t\t<h4 class=\"uael-team-name\">Werner HALTER<\/h4>\t\t\t\t\t\t<\/div>\n\t\t\t\t\t\t\t\t\t\t\t\t\t\t\t\t\t\t\t\t\t\t\t\t\t\t\t\t\t\t\t\t\t\t\t\t\t<div class=\"uael-team-member-desc\">\n\t\t\t\t\t\t\t<div class=\"uael-team-desc\">Ph.D. Mc Gill University\nExpert transition \u00e9nerg\u00e9tique &amp; d\u00e9carbonisation\nDirecteur Climate Services <\/div>\n\t\t\t\t\t\t<\/div>\n\t\t\t\t\t\t\t\t\t\t\t\t\t\t\t\t\t\t\t\t\t<div class=\"elementor-social-icons-wrapper\">\n\t\t\t\t\t\t\t<div class=\"uael-team-social-icon\">\n\t\t\t\t\t\t\t\t\t\t\t\t\t\t\t\t<a class=\"elementor-icon elementor-social-icon elementor-social-icon- elementor-animation- elementor-repeater-item-f3f9d71\" href=\"https:\/\/www.linkedin.com\/in\/werner-halter-ba710114\/\" target=\"_blank\" aria-label=\"\">\n\t\t\t\t\t\t\t\t\t\t<svg xmlns=\"http:\/\/www.w3.org\/2000\/svg\" id=\"Layer_2\" data-name=\"Layer 2\" viewbox=\"0 0 448 448\"><defs><style>      .cls-1 {        fill: #fff;        stroke-width: 0px;      }    <\/style><\/defs><g id=\"Calque_1\" data-name=\"Calque 1\"><path class=\"cls-1\" d=\"M100.3,448H7.4V148.9h92.9v299.1ZM53.8,108.1C24.1,108.1,0,83.5,0,53.8S24.1,0,53.8,0s53.8,24.1,53.8,53.8-24.1,54.3-53.8,54.3ZM447.9,448h-92.7v-145.6c0-34.7-.7-79.2-48.3-79.2s-55.7,37.7-55.7,76.7v148.1h-92.8V148.9h89.1v40.8h1.3c12.4-23.5,42.7-48.3,87.9-48.3,94,0,111.3,61.9,111.3,142.3v164.3h-.1Z\"><\/path><\/g><\/svg>\t\t\t\t\t\t\t\t\t<\/a>\n\t\t\t\t\t\t\t\t\t\t\t\t\t\t\t\t\t\t\t\t\t\t\t<\/div>\n\t\t\t\t\t\t<\/div>\n\t\t\t\t\t\t\t\t\t<\/div>\n\t\t\t<\/div>\n\t\t<\/div>\n\t<\/div>\n\t\t\t\t\t\t<\/div>\n\t\t\t\t<\/div>\n\t\t\t\t<div class=\"elementor-element elementor-element-32cfb411 uael-shape-rounded elementor-shape-rounded uael-member-image-pos-above uael-team-member-align-center elementor-widget elementor-widget-uael-team-member\" data-id=\"32cfb411\" data-element_type=\"widget\" data-widget_type=\"uael-team-member.default\">\n\t\t\t\t<div class=\"elementor-widget-container\">\n\t\t\t\t\t\t\t<div class=\"uael-team-member\">\n\t\t\t<div class = \"uael-team-member-wrap\" >\n\t\t\t\t<div class=\"uael-member-wrap\" >\n\t\t\t\t\t\t\t\t\t\t\t\t<div class=\"uael-team-member-image\">\n\t\t\t\t\t\t\t<div class=\"elementor-animation-\"><img decoding=\"async\" width=\"1200\" height=\"800\" src=\"https:\/\/bioenergieplus.azur-test.ch\/wp-content\/uploads\/2025\/09\/placeholder-3.png\" class=\"attachment-full size-full wp-image-1650\" alt=\"placeholder.png\" srcset=\"https:\/\/bioenergieplus.azur-test.ch\/wp-content\/uploads\/2025\/09\/placeholder-3.png 1200w, https:\/\/bioenergieplus.azur-test.ch\/wp-content\/uploads\/2025\/09\/placeholder-3-300x200.png 300w, https:\/\/bioenergieplus.azur-test.ch\/wp-content\/uploads\/2025\/09\/placeholder-3-1024x683.png 1024w, https:\/\/bioenergieplus.azur-test.ch\/wp-content\/uploads\/2025\/09\/placeholder-3-768x512.png 768w, https:\/\/bioenergieplus.azur-test.ch\/wp-content\/uploads\/2025\/09\/placeholder-3-18x12.png 18w\" sizes=\"(max-width: 1200px) 100vw, 1200px\" \/><\/div>\t\t\t\t\t\t\t<\/div>\n\t\t\t\t\t\t\t\t\t\t\t\t\t\t\t<div class=\"uael-team-member-content\">\n\t\t\t\t\t\t\t\t\t\t\t<div class=\"uael-team-member-name\">\n\t\t\t\t\t\t<h4 class=\"uael-team-name\">Pierre PAPAUX<\/h4>\t\t\t\t\t\t<\/div>\n\t\t\t\t\t\t\t\t\t\t\t\t\t\t\t\t\t\t\t\t\t\t\t\t\t\t\t\t\t\t\t\t\t\t\t\t\t<div class=\"uael-team-member-desc\">\n\t\t\t\t\t\t\t<div class=\"uael-team-desc\">Ing\u00e9nieur Executive Master Business Administration<\/div>\n\t\t\t\t\t\t<\/div>\n\t\t\t\t\t\t\t\t\t\t\t\t\t\t\t\t\t\t\t\t\t<div class=\"elementor-social-icons-wrapper\">\n\t\t\t\t\t\t\t<div class=\"uael-team-social-icon\">\n\t\t\t\t\t\t\t\t\t\t\t\t\t\t\t\t<a class=\"elementor-icon elementor-social-icon elementor-social-icon- elementor-animation- elementor-repeater-item-f3f9d71\" href=\"http:\/\/www.linkedin.com\/in\/pierre-papaux-0185b14\" target=\"_blank\" aria-label=\"\">\n\t\t\t\t\t\t\t\t\t\t<svg xmlns=\"http:\/\/www.w3.org\/2000\/svg\" id=\"Layer_2\" data-name=\"Layer 2\" viewbox=\"0 0 448 448\"><defs><style>      .cls-1 {        fill: #fff;        stroke-width: 0px;      }    <\/style><\/defs><g id=\"Calque_1\" data-name=\"Calque 1\"><path class=\"cls-1\" d=\"M100.3,448H7.4V148.9h92.9v299.1ZM53.8,108.1C24.1,108.1,0,83.5,0,53.8S24.1,0,53.8,0s53.8,24.1,53.8,53.8-24.1,54.3-53.8,54.3ZM447.9,448h-92.7v-145.6c0-34.7-.7-79.2-48.3-79.2s-55.7,37.7-55.7,76.7v148.1h-92.8V148.9h89.1v40.8h1.3c12.4-23.5,42.7-48.3,87.9-48.3,94,0,111.3,61.9,111.3,142.3v164.3h-.1Z\"><\/path><\/g><\/svg>\t\t\t\t\t\t\t\t\t<\/a>\n\t\t\t\t\t\t\t\t\t\t\t\t\t\t\t\t\t\t\t\t\t\t\t<\/div>\n\t\t\t\t\t\t<\/div>\n\t\t\t\t\t\t\t\t\t<\/div>\n\t\t\t<\/div>\n\t\t<\/div>\n\t<\/div>\n\t\t\t\t\t\t<\/div>\n\t\t\t\t<\/div>\n\t\t\t\t<div class=\"elementor-element elementor-element-34c6b80f uael-shape-rounded elementor-shape-rounded uael-member-image-pos-above uael-team-member-align-center elementor-widget elementor-widget-uael-team-member\" data-id=\"34c6b80f\" data-element_type=\"widget\" data-widget_type=\"uael-team-member.default\">\n\t\t\t\t<div class=\"elementor-widget-container\">\n\t\t\t\t\t\t\t<div class=\"uael-team-member\">\n\t\t\t<div class = \"uael-team-member-wrap\" >\n\t\t\t\t<div class=\"uael-member-wrap\" >\n\t\t\t\t\t\t\t\t\t\t\t\t<div class=\"uael-team-member-image\">\n\t\t\t\t\t\t\t<div class=\"elementor-animation-\"><img loading=\"lazy\" decoding=\"async\" width=\"1200\" height=\"800\" src=\"https:\/\/bioenergieplus.azur-test.ch\/wp-content\/uploads\/2025\/09\/placeholder-4.png\" class=\"attachment-full size-full wp-image-1651\" alt=\"placeholder.png\" srcset=\"https:\/\/bioenergieplus.azur-test.ch\/wp-content\/uploads\/2025\/09\/placeholder-4.png 1200w, https:\/\/bioenergieplus.azur-test.ch\/wp-content\/uploads\/2025\/09\/placeholder-4-300x200.png 300w, https:\/\/bioenergieplus.azur-test.ch\/wp-content\/uploads\/2025\/09\/placeholder-4-1024x683.png 1024w, https:\/\/bioenergieplus.azur-test.ch\/wp-content\/uploads\/2025\/09\/placeholder-4-768x512.png 768w, https:\/\/bioenergieplus.azur-test.ch\/wp-content\/uploads\/2025\/09\/placeholder-4-18x12.png 18w\" sizes=\"(max-width: 1200px) 100vw, 1200px\" \/><\/div>\t\t\t\t\t\t\t<\/div>\n\t\t\t\t\t\t\t\t\t\t\t\t\t\t\t<div class=\"uael-team-member-content\">\n\t\t\t\t\t\t\t\t\t\t\t<div class=\"uael-team-member-name\">\n\t\t\t\t\t\t<h4 class=\"uael-team-name\">Pierre SCHWALLER<\/h4>\t\t\t\t\t\t<\/div>\n\t\t\t\t\t\t\t\t\t\t\t\t\t\t\t\t\t\t\t\t\t\t\t\t\t\t\t\t\t\t\t\t\t\t\t\t\t<div class=\"uael-team-member-desc\">\n\t\t\t\t\t\t\t<div class=\"uael-team-desc\">Ing. en techn. alim. EPFZ Dr sc. techn.\n<\/div>\n\t\t\t\t\t\t<\/div>\n\t\t\t\t\t\t\t\t\t\t\t\t\t\t\t\t\t\t\t\t\t<div class=\"elementor-social-icons-wrapper\">\n\t\t\t\t\t\t\t<div class=\"uael-team-social-icon\">\n\t\t\t\t\t\t\t\t\t\t\t\t\t\t\t\t<a class=\"elementor-icon elementor-social-icon elementor-social-icon- elementor-animation- elementor-repeater-item-f3f9d71\" href=\"http:\/\/www.linkedin.com\/in\/pierreschwaller\" target=\"_blank\" aria-label=\"\">\n\t\t\t\t\t\t\t\t\t\t<svg xmlns=\"http:\/\/www.w3.org\/2000\/svg\" id=\"Layer_2\" data-name=\"Layer 2\" viewbox=\"0 0 448 448\"><defs><style>      .cls-1 {        fill: #fff;        stroke-width: 0px;      }    <\/style><\/defs><g id=\"Calque_1\" data-name=\"Calque 1\"><path class=\"cls-1\" d=\"M100.3,448H7.4V148.9h92.9v299.1ZM53.8,108.1C24.1,108.1,0,83.5,0,53.8S24.1,0,53.8,0s53.8,24.1,53.8,53.8-24.1,54.3-53.8,54.3ZM447.9,448h-92.7v-145.6c0-34.7-.7-79.2-48.3-79.2s-55.7,37.7-55.7,76.7v148.1h-92.8V148.9h89.1v40.8h1.3c12.4-23.5,42.7-48.3,87.9-48.3,94,0,111.3,61.9,111.3,142.3v164.3h-.1Z\"><\/path><\/g><\/svg>\t\t\t\t\t\t\t\t\t<\/a>\n\t\t\t\t\t\t\t\t\t\t\t\t\t\t\t\t\t\t\t\t\t\t\t<\/div>\n\t\t\t\t\t\t<\/div>\n\t\t\t\t\t\t\t\t\t<\/div>\n\t\t\t<\/div>\n\t\t<\/div>\n\t<\/div>\n\t\t\t\t\t\t<\/div>\n\t\t\t\t<\/div>\n\t\t\t\t<div class=\"elementor-element elementor-element-1023eec8 uael-shape-rounded elementor-shape-rounded uael-member-image-pos-above uael-team-member-align-center elementor-widget elementor-widget-uael-team-member\" data-id=\"1023eec8\" data-element_type=\"widget\" data-widget_type=\"uael-team-member.default\">\n\t\t\t\t<div class=\"elementor-widget-container\">\n\t\t\t\t\t\t\t<div class=\"uael-team-member\">\n\t\t\t<div class = \"uael-team-member-wrap\" >\n\t\t\t\t<div class=\"uael-member-wrap\" >\n\t\t\t\t\t\t\t\t\t\t\t\t<div class=\"uael-team-member-image\">\n\t\t\t\t\t\t\t<div class=\"elementor-animation-\"><img loading=\"lazy\" decoding=\"async\" width=\"1200\" height=\"800\" src=\"https:\/\/bioenergieplus.azur-test.ch\/wp-content\/uploads\/2025\/09\/placeholder-5.png\" class=\"attachment-full size-full wp-image-1652\" alt=\"placeholder.png\" srcset=\"https:\/\/bioenergieplus.azur-test.ch\/wp-content\/uploads\/2025\/09\/placeholder-5.png 1200w, https:\/\/bioenergieplus.azur-test.ch\/wp-content\/uploads\/2025\/09\/placeholder-5-300x200.png 300w, https:\/\/bioenergieplus.azur-test.ch\/wp-content\/uploads\/2025\/09\/placeholder-5-1024x683.png 1024w, https:\/\/bioenergieplus.azur-test.ch\/wp-content\/uploads\/2025\/09\/placeholder-5-768x512.png 768w, https:\/\/bioenergieplus.azur-test.ch\/wp-content\/uploads\/2025\/09\/placeholder-5-18x12.png 18w\" sizes=\"(max-width: 1200px) 100vw, 1200px\" \/><\/div>\t\t\t\t\t\t\t<\/div>\n\t\t\t\t\t\t\t\t\t\t\t\t\t\t\t<div class=\"uael-team-member-content\">\n\t\t\t\t\t\t\t\t\t\t\t<div class=\"uael-team-member-name\">\n\t\t\t\t\t\t<h4 class=\"uael-team-name\">Michel BERGER<\/h4>\t\t\t\t\t\t<\/div>\n\t\t\t\t\t\t\t\t\t\t\t\t\t\t\t\t\t\t\t\t\t\t\t\t\t\t\t\t\t\t\t\t\t\t\t\t\t<div class=\"uael-team-member-desc\">\n\t\t\t\t\t\t\t<div class=\"uael-team-desc\">Financial Supervisor<\/div>\n\t\t\t\t\t\t<\/div>\n\t\t\t\t\t\t\t\t\t\t\t\t\t\t\t\t\t\t\t\t\t<div class=\"elementor-social-icons-wrapper\">\n\t\t\t\t\t\t\t<div class=\"uael-team-social-icon\">\n\t\t\t\t\t\t\t\t\t\t\t\t\t\t\t\t<a class=\"elementor-icon elementor-social-icon elementor-social-icon- elementor-animation- elementor-repeater-item-f3f9d71\" href=\"https:\/\/www.linkedin.com\/in\/michel-berger-149320\/\" target=\"_blank\" aria-label=\"\">\n\t\t\t\t\t\t\t\t\t\t<svg xmlns=\"http:\/\/www.w3.org\/2000\/svg\" id=\"Layer_2\" data-name=\"Layer 2\" viewbox=\"0 0 448 448\"><defs><style>      .cls-1 {        fill: #fff;        stroke-width: 0px;      }    <\/style><\/defs><g id=\"Calque_1\" data-name=\"Calque 1\"><path class=\"cls-1\" d=\"M100.3,448H7.4V148.9h92.9v299.1ZM53.8,108.1C24.1,108.1,0,83.5,0,53.8S24.1,0,53.8,0s53.8,24.1,53.8,53.8-24.1,54.3-53.8,54.3ZM447.9,448h-92.7v-145.6c0-34.7-.7-79.2-48.3-79.2s-55.7,37.7-55.7,76.7v148.1h-92.8V148.9h89.1v40.8h1.3c12.4-23.5,42.7-48.3,87.9-48.3,94,0,111.3,61.9,111.3,142.3v164.3h-.1Z\"><\/path><\/g><\/svg>\t\t\t\t\t\t\t\t\t<\/a>\n\t\t\t\t\t\t\t\t\t\t\t\t\t\t\t\t\t\t\t\t\t\t\t<\/div>\n\t\t\t\t\t\t<\/div>\n\t\t\t\t\t\t\t\t\t<\/div>\n\t\t\t<\/div>\n\t\t<\/div>\n\t<\/div>\n\t\t\t\t\t\t<\/div>\n\t\t\t\t<\/div>\n\t\t\t\t<div class=\"elementor-element elementor-element-6accc9ed uael-shape-rounded elementor-shape-rounded uael-member-image-pos-above uael-team-member-align-center elementor-widget elementor-widget-uael-team-member\" data-id=\"6accc9ed\" data-element_type=\"widget\" data-widget_type=\"uael-team-member.default\">\n\t\t\t\t<div class=\"elementor-widget-container\">\n\t\t\t\t\t\t\t<div class=\"uael-team-member\">\n\t\t\t<div class = \"uael-team-member-wrap\" >\n\t\t\t\t<div class=\"uael-member-wrap\" >\n\t\t\t\t\t\t\t\t\t\t\t\t<div class=\"uael-team-member-image\">\n\t\t\t\t\t\t\t<div class=\"elementor-animation-\"><img loading=\"lazy\" decoding=\"async\" width=\"1200\" height=\"800\" src=\"https:\/\/bioenergieplus.azur-test.ch\/wp-content\/uploads\/2025\/09\/placeholder-6.png\" class=\"attachment-full size-full wp-image-1653\" alt=\"placeholder.png\" srcset=\"https:\/\/bioenergieplus.azur-test.ch\/wp-content\/uploads\/2025\/09\/placeholder-6.png 1200w, https:\/\/bioenergieplus.azur-test.ch\/wp-content\/uploads\/2025\/09\/placeholder-6-300x200.png 300w, https:\/\/bioenergieplus.azur-test.ch\/wp-content\/uploads\/2025\/09\/placeholder-6-1024x683.png 1024w, https:\/\/bioenergieplus.azur-test.ch\/wp-content\/uploads\/2025\/09\/placeholder-6-768x512.png 768w, https:\/\/bioenergieplus.azur-test.ch\/wp-content\/uploads\/2025\/09\/placeholder-6-18x12.png 18w\" sizes=\"(max-width: 1200px) 100vw, 1200px\" \/><\/div>\t\t\t\t\t\t\t<\/div>\n\t\t\t\t\t\t\t\t\t\t\t\t\t\t\t<div class=\"uael-team-member-content\">\n\t\t\t\t\t\t\t\t\t\t\t<div class=\"uael-team-member-name\">\n\t\t\t\t\t\t<h4 class=\"uael-team-name\">B\u00e9at KUNZ<\/h4>\t\t\t\t\t\t<\/div>\n\t\t\t\t\t\t\t\t\t\t\t\t\t\t\t\t\t\t\t\t\t\t\t\t\t\t\t\t\t\t\t\t\t\t\t\t\t<div class=\"uael-team-member-desc\">\n\t\t\t\t\t\t\t<div class=\"uael-team-desc\">Responsable Key Account<\/div>\n\t\t\t\t\t\t<\/div>\n\t\t\t\t\t\t\t\t\t\t\t\t\t\t\t\t\t\t\t\t\t<div class=\"elementor-social-icons-wrapper\">\n\t\t\t\t\t\t\t<div class=\"uael-team-social-icon\">\n\t\t\t\t\t\t\t\t\t\t\t\t\t\t\t\t<a class=\"elementor-icon elementor-social-icon elementor-social-icon- elementor-animation- elementor-repeater-item-f3f9d71\" href=\"http:\/\/www.linkedin.com\/in\/beatkunz\" target=\"_blank\" aria-label=\"\">\n\t\t\t\t\t\t\t\t\t\t<svg xmlns=\"http:\/\/www.w3.org\/2000\/svg\" id=\"Layer_2\" data-name=\"Layer 2\" viewbox=\"0 0 448 448\"><defs><style>      .cls-1 {        fill: #fff;        stroke-width: 0px;      }    <\/style><\/defs><g id=\"Calque_1\" data-name=\"Calque 1\"><path class=\"cls-1\" d=\"M100.3,448H7.4V148.9h92.9v299.1ZM53.8,108.1C24.1,108.1,0,83.5,0,53.8S24.1,0,53.8,0s53.8,24.1,53.8,53.8-24.1,54.3-53.8,54.3ZM447.9,448h-92.7v-145.6c0-34.7-.7-79.2-48.3-79.2s-55.7,37.7-55.7,76.7v148.1h-92.8V148.9h89.1v40.8h1.3c12.4-23.5,42.7-48.3,87.9-48.3,94,0,111.3,61.9,111.3,142.3v164.3h-.1Z\"><\/path><\/g><\/svg>\t\t\t\t\t\t\t\t\t<\/a>\n\t\t\t\t\t\t\t\t\t\t\t\t\t\t\t\t\t\t\t\t\t\t\t<\/div>\n\t\t\t\t\t\t<\/div>\n\t\t\t\t\t\t\t\t\t<\/div>\n\t\t\t<\/div>\n\t\t<\/div>\n\t<\/div>\n\t\t\t\t\t\t<\/div>\n\t\t\t\t<\/div>\n\t\t\t\t\t<\/div>\n\t\t\t\t<\/div>\n\t\t\t\t<\/div>","protected":false},"excerpt":{"rendered":"<p>Le Team Le team r\u00e9unit les comp\u00e9tences et expertises dans les domaines de la m\u00e9thanisation, de l\u2019ing\u00e9nierie de l\u2019\u00e9nergie, du g\u00e9nie rural, de d\u00e9carbonation, de l\u2019ing\u00e9nierie technique et microbiologique, des aspects l\u00e9gaux, de la coordination de projets et de la gestion financi\u00e8re. Jean-Daniel CHOLLET\u200b Expert en Strat\u00e9gies de Bio-traitement Werner HALTER Ph.D. Mc Gill University [&hellip;]<\/p>","protected":false},"author":1,"featured_media":0,"parent":0,"menu_order":0,"comment_status":"closed","ping_status":"closed","template":"","meta":{"site-sidebar-layout":"no-sidebar","site-content-layout":"page-builder","ast-site-content-layout":"full-width-container","site-content-style":"unboxed","site-sidebar-style":"unboxed","ast-global-header-display":"","ast-banner-title-visibility":"","ast-main-header-display":"","ast-hfb-above-header-display":"","ast-hfb-below-header-display":"","ast-hfb-mobile-header-display":"","site-post-title":"disabled","ast-breadcrumbs-content":"disabled","ast-featured-img":"disabled","footer-sml-layout":"","theme-transparent-header-meta":"enabled","adv-header-id-meta":"","stick-header-meta":"","header-above-stick-meta":"","header-main-stick-meta":"","header-below-stick-meta":"","astra-migrate-meta-layouts":"set","ast-page-background-enabled":"default","ast-page-background-meta":{"desktop":{"background-color":"","background-image":"","background-repeat":"repeat","background-position":"center center","background-size":"auto","background-attachment":"scroll","background-type":"","background-media":"","overlay-type":"","overlay-color":"","overlay-opacity":"","overlay-gradient":""},"tablet":{"background-color":"","background-image":"","background-repeat":"repeat","background-position":"center center","background-size":"auto","background-attachment":"scroll","background-type":"","background-media":"","overlay-type":"","overlay-color":"","overlay-opacity":"","overlay-gradient":""},"mobile":{"background-color":"","background-image":"","background-repeat":"repeat","background-position":"center center","background-size":"auto","background-attachment":"scroll","background-type":"","background-media":"","overlay-type":"","overlay-color":"","overlay-opacity":"","overlay-gradient":""}},"ast-content-background-meta":{"desktop":{"background-color":"var(--ast-global-color-5)","background-image":"","background-repeat":"repeat","background-position":"center center","background-size":"auto","background-attachment":"scroll","background-type":"","background-media":"","overlay-type":"","overlay-color":"","overlay-opacity":"","overlay-gradient":""},"tablet":{"background-color":"var(--ast-global-color-5)","background-image":"","background-repeat":"repeat","background-position":"center center","background-size":"auto","background-attachment":"scroll","background-type":"","background-media":"","overlay-type":"","overlay-color":"","overlay-opacity":"","overlay-gradient":""},"mobile":{"background-color":"var(--ast-global-color-5)","background-image":"","background-repeat":"repeat","background-position":"center center","background-size":"auto","background-attachment":"scroll","background-type":"","background-media":"","overlay-type":"","overlay-color":"","overlay-opacity":"","overlay-gradient":""}},"footnotes":""},"class_list":["post-1644","page","type-page","status-publish","hentry"],"_links":{"self":[{"href":"https:\/\/bioenergieplus.azur-test.ch\/de\/wp-json\/wp\/v2\/pages\/1644","targetHints":{"allow":["GET"]}}],"collection":[{"href":"https:\/\/bioenergieplus.azur-test.ch\/de\/wp-json\/wp\/v2\/pages"}],"about":[{"href":"https:\/\/bioenergieplus.azur-test.ch\/de\/wp-json\/wp\/v2\/types\/page"}],"author":[{"embeddable":true,"href":"https:\/\/bioenergieplus.azur-test.ch\/de\/wp-json\/wp\/v2\/users\/1"}],"replies":[{"embeddable":true,"href":"https:\/\/bioenergieplus.azur-test.ch\/de\/wp-json\/wp\/v2\/comments?post=1644"}],"version-history":[{"count":39,"href":"https:\/\/bioenergieplus.azur-test.ch\/de\/wp-json\/wp\/v2\/pages\/1644\/revisions"}],"predecessor-version":[{"id":2218,"href":"https:\/\/bioenergieplus.azur-test.ch\/de\/wp-json\/wp\/v2\/pages\/1644\/revisions\/2218"}],"wp:attachment":[{"href":"https:\/\/bioenergieplus.azur-test.ch\/de\/wp-json\/wp\/v2\/media?parent=1644"}],"curies":[{"name":"wp","href":"https:\/\/api.w.org\/{rel}","templated":true}]}}